
{"id":133,"date":"2020-11-01T10:25:49","date_gmt":"2020-11-01T10:25:49","guid":{"rendered":"http:\/\/localhost\/garibun\/?page_id=133"},"modified":"2024-03-18T13:45:57","modified_gmt":"2024-03-18T13:45:57","slug":"contact","status":"publish","type":"page","link":"https:\/\/www.scootering.info\/en\/contact\/","title":{"rendered":"Contact"},"content":{"rendered":"<div data-elementor-type=\"wp-page\" data-elementor-id=\"133\" class=\"elementor elementor-133\">\n\t\t\t\t\t\t\t\t\t<section class=\"elementor-section elementor-top-section elementor-element elementor-element-9962b68 elementor-section-full_width elementor-section-height-default elementor-section-height-default\" data-id=\"9962b68\" data-element_type=\"section\">\n\t\t\t\t\t\t<div class=\"elementor-container elementor-column-gap-no\">\n\t\t\t\t\t<div class=\"elementor-column elementor-col-100 elementor-top-column elementor-element elementor-element-08b7ef6\" data-id=\"08b7ef6\" data-element_type=\"column\">\n\t\t\t<div class=\"elementor-widget-wrap elementor-element-populated\">\n\t\t\t\t\t\t\t\t<div class=\"elementor-element elementor-element-062217f elementor-widget elementor-widget-Aigen-Global-Widgets-Page-Title\" data-id=\"062217f\" data-element_type=\"widget\" data-widget_type=\"Aigen-Global-Widgets-Page-Title.default\">\n\t\t\t\t<div class=\"elementor-widget-container\">\n\t\t\t        \r\n\r\n        <!-- page-banner-section \r\n            ================================================== -->\r\n        <section class=\"page-banner-section\">\r\n            <div class=\"container\">\r\n                <h2>Contact<\/h2>\r\n                <p><\/p>\r\n            <\/div>\r\n        <\/section>\r\n        <!-- End page-banner section -->\r\n\t\t\t\r\n    \r\n    \t\t<\/div>\n\t\t\t\t<\/div>\n\t\t\t\t\t<\/div>\n\t\t<\/div>\n\t\t\t\t\t\t\t<\/div>\n\t\t<\/section>\n\t\t\t\t<section class=\"elementor-section elementor-top-section elementor-element elementor-element-45d0274 elementor-section-full_width elementor-section-height-default elementor-section-height-default\" data-id=\"45d0274\" data-element_type=\"section\" data-settings=\"{&quot;background_background&quot;:&quot;classic&quot;}\">\n\t\t\t\t\t\t<div class=\"elementor-container elementor-column-gap-no\">\n\t\t\t\t\t<div class=\"elementor-column elementor-col-100 elementor-top-column elementor-element elementor-element-16ac8a6\" data-id=\"16ac8a6\" data-element_type=\"column\">\n\t\t\t<div class=\"elementor-widget-wrap elementor-element-populated\">\n\t\t\t\t\t\t\t\t<div class=\"elementor-element elementor-element-b41904e elementor-widget elementor-widget-Aigen-Global-Widgets-Contact-Block2\" data-id=\"b41904e\" data-element_type=\"widget\" data-widget_type=\"Aigen-Global-Widgets-Contact-Block2.default\">\n\t\t\t\t<div class=\"elementor-widget-container\">\n\t\t\t        \r\n\r\n        <div class=\"container\">\r\n            <div class=\"contact-info\">\r\n                <div class=\"row\">\r\n                                            <div class=\"col-md-4\">\r\n                            <div class=\"info-post\">\r\n                                <i aria-hidden=\"true\" class=\"fas fa-envelope\"><\/i>                                <p>redakce@scootering.info<\/p>\r\n                            <\/div>\r\n                        <\/div>\r\n                                            <div class=\"col-md-4\">\r\n                            <div class=\"info-post\">\r\n                                <i aria-hidden=\"true\" class=\"fas fa-phone\"><\/i>                                <p>+420 774 380 333<\/p>\r\n                            <\/div>\r\n                        <\/div>\r\n                                            <div class=\"col-md-4\">\r\n                            <div class=\"info-post\">\r\n                                <i aria-hidden=\"true\" class=\"fas fa-map-marker-alt\"><\/i>                                <p>Zde\u0148ka Fibicha 1210, Vala\u0161sk\u00e9 Mezi\u0159\u00ed\u010d\u00ed<\/p>\r\n                            <\/div>\r\n                        <\/div>\r\n                                    <\/div>\r\n            <\/div>\r\n        <\/div>\r\n\t\t\t\r\n    \r\n    \t\t<\/div>\n\t\t\t\t<\/div>\n\t\t\t\t\t<\/div>\n\t\t<\/div>\n\t\t\t\t\t\t\t<\/div>\n\t\t<\/section>\n\t\t\t\t<section class=\"elementor-section elementor-top-section elementor-element elementor-element-e9dcfee elementor-section-boxed elementor-section-height-default elementor-section-height-default\" data-id=\"e9dcfee\" data-element_type=\"section\" data-settings=\"{&quot;background_background&quot;:&quot;classic&quot;}\">\n\t\t\t\t\t\t<div class=\"elementor-container elementor-column-gap-no\">\n\t\t\t\t\t<div class=\"elementor-column elementor-col-100 elementor-top-column elementor-element elementor-element-f54b87f\" data-id=\"f54b87f\" data-element_type=\"column\">\n\t\t\t<div class=\"elementor-widget-wrap elementor-element-populated\">\n\t\t\t\t\t\t\t\t<div class=\"elementor-element elementor-element-0ecf884 elementor-widget elementor-widget-google_maps\" data-id=\"0ecf884\" data-element_type=\"widget\" data-widget_type=\"google_maps.default\">\n\t\t\t\t<div class=\"elementor-widget-container\">\n\t\t\t<style>\/*! elementor - v3.13.3 - 28-05-2023 *\/\n.elementor-widget-google_maps .elementor-widget-container{overflow:hidden}.elementor-widget-google_maps .elementor-custom-embed{line-height:0}.elementor-widget-google_maps iframe{height:300px}<\/style>\t\t<div class=\"elementor-custom-embed\">\n\t\t\t<iframe loading=\"lazy\"\n\t\t\t\t\tsrc=\"https:\/\/maps.google.com\/maps?q=Zde%C5%88ka%20Fibicha%201210%2C%20Vala%C5%A1sk%C3%A9%20Mezi%C5%99%C3%AD%C4%8D%C3%AD&#038;t=m&#038;z=15&#038;output=embed&#038;iwloc=near\"\n\t\t\t\t\ttitle=\"Zde\u0148ka Fibicha 1210, Vala\u0161sk\u00e9 Mezi\u0159\u00ed\u010d\u00ed\"\n\t\t\t\t\taria-label=\"Zde\u0148ka Fibicha 1210, Vala\u0161sk\u00e9 Mezi\u0159\u00ed\u010d\u00ed\"\n\t\t\t><\/iframe>\n\t\t<\/div>\n\t\t\t\t<\/div>\n\t\t\t\t<\/div>\n\t\t\t\t\t<\/div>\n\t\t<\/div>\n\t\t\t\t\t\t\t<\/div>\n\t\t<\/section>\n\t\t\t\t\t\t\t<\/div>","protected":false},"excerpt":{"rendered":"<p>Kontakt redakce@scootering.info +420 774 380 333 Zde\u0148ka Fibicha 1210, Vala\u0161sk\u00e9 Mezi\u0159\u00ed\u010d\u00ed<\/p>","protected":false},"author":1,"featured_media":0,"parent":0,"menu_order":0,"comment_status":"closed","ping_status":"closed","template":"garibun-template.php","meta":{"footnotes":""},"yoast_head":"<!-- This site is optimized with the Yoast SEO plugin v20.9 - https:\/\/yoast.com\/wordpress\/plugins\/seo\/ -->\n<title>Kontakt - FREESTYLE SCOOTERING MAGAZINE<\/title>\n<meta name=\"robots\" content=\"index, follow, max-snippet:-1, max-image-preview:large, max-video-preview:-1\" \/>\n<link rel=\"canonical\" href=\"https:\/\/www.scootering.info\/en\/contact\/\" \/>\n<meta property=\"og:locale\" content=\"en_US\" \/>\n<meta property=\"og:type\" content=\"article\" \/>\n<meta property=\"og:title\" content=\"Kontakt - FREESTYLE SCOOTERING MAGAZINE\" \/>\n<meta property=\"og:description\" content=\"Kontakt redakce@scootering.info +420 774 380 333 Zde\u0148ka Fibicha 1210, Vala\u0161sk\u00e9 Mezi\u0159\u00ed\u010d\u00ed\" \/>\n<meta property=\"og:url\" content=\"https:\/\/www.scootering.info\/en\/contact\/\" \/>\n<meta property=\"og:site_name\" content=\"FREESTYLE SCOOTERING MAGAZINE\" \/>\n<meta property=\"article:modified_time\" content=\"2024-03-18T13:45:57+00:00\" \/>\n<meta name=\"twitter:card\" content=\"summary_large_image\" \/>\n<meta name=\"twitter:label1\" content=\"Est. reading time\" \/>\n\t<meta name=\"twitter:data1\" content=\"1 minute\" \/>\n<script type=\"application\/ld+json\" class=\"yoast-schema-graph\">{\"@context\":\"https:\/\/schema.org\",\"@graph\":[{\"@type\":\"WebPage\",\"@id\":\"https:\/\/www.scootering.info\/contact\/\",\"url\":\"https:\/\/www.scootering.info\/contact\/\",\"name\":\"Kontakt - FREESTYLE SCOOTERING MAGAZINE\",\"isPartOf\":{\"@id\":\"https:\/\/www.scootering.info\/#website\"},\"datePublished\":\"2020-11-01T10:25:49+00:00\",\"dateModified\":\"2024-03-18T13:45:57+00:00\",\"breadcrumb\":{\"@id\":\"https:\/\/www.scootering.info\/contact\/#breadcrumb\"},\"inLanguage\":\"en-US\",\"potentialAction\":[{\"@type\":\"ReadAction\",\"target\":[\"https:\/\/www.scootering.info\/contact\/\"]}]},{\"@type\":\"BreadcrumbList\",\"@id\":\"https:\/\/www.scootering.info\/contact\/#breadcrumb\",\"itemListElement\":[{\"@type\":\"ListItem\",\"position\":1,\"name\":\"Dom\u016f\",\"item\":\"https:\/\/www.scootering.info\/\"},{\"@type\":\"ListItem\",\"position\":2,\"name\":\"Kontakt\"}]},{\"@type\":\"WebSite\",\"@id\":\"https:\/\/www.scootering.info\/#website\",\"url\":\"https:\/\/www.scootering.info\/\",\"name\":\"FREESTYLE SCOOTERING MAGAZINE\",\"description\":\"Sport magazine\",\"publisher\":{\"@id\":\"https:\/\/www.scootering.info\/#organization\"},\"alternateName\":\"Scootering\",\"potentialAction\":[{\"@type\":\"SearchAction\",\"target\":{\"@type\":\"EntryPoint\",\"urlTemplate\":\"https:\/\/www.scootering.info\/?s={search_term_string}\"},\"query-input\":\"required name=search_term_string\"}],\"inLanguage\":\"en-US\"},{\"@type\":\"Organization\",\"@id\":\"https:\/\/www.scootering.info\/#organization\",\"name\":\"FREESTYLE SCOOTERING MAGAZINE\",\"url\":\"https:\/\/www.scootering.info\/\",\"logo\":{\"@type\":\"ImageObject\",\"inLanguage\":\"en-US\",\"@id\":\"https:\/\/www.scootering.info\/#\/schema\/logo\/image\/\",\"url\":\"https:\/\/www.scootering.info\/wp-content\/uploads\/2023\/06\/cropped-aaa.png\",\"contentUrl\":\"https:\/\/www.scootering.info\/wp-content\/uploads\/2023\/06\/cropped-aaa.png\",\"width\":300,\"height\":100,\"caption\":\"FREESTYLE SCOOTERING MAGAZINE\"},\"image\":{\"@id\":\"https:\/\/www.scootering.info\/#\/schema\/logo\/image\/\"}}]}<\/script>\n<!-- \/ Yoast SEO plugin. -->","yoast_head_json":{"title":"Kontakt - FREESTYLE SCOOTERING MAGAZINE","robots":{"index":"index","follow":"follow","max-snippet":"max-snippet:-1","max-image-preview":"max-image-preview:large","max-video-preview":"max-video-preview:-1"},"canonical":"https:\/\/www.scootering.info\/en\/contact\/","og_locale":"en_US","og_type":"article","og_title":"Kontakt - FREESTYLE SCOOTERING MAGAZINE","og_description":"Kontakt redakce@scootering.info +420 774 380 333 Zde\u0148ka Fibicha 1210, Vala\u0161sk\u00e9 Mezi\u0159\u00ed\u010d\u00ed","og_url":"https:\/\/www.scootering.info\/en\/contact\/","og_site_name":"FREESTYLE SCOOTERING MAGAZINE","article_modified_time":"2024-03-18T13:45:57+00:00","twitter_card":"summary_large_image","twitter_misc":{"Est. reading time":"1 minute"},"schema":{"@context":"https:\/\/schema.org","@graph":[{"@type":"WebPage","@id":"https:\/\/www.scootering.info\/contact\/","url":"https:\/\/www.scootering.info\/contact\/","name":"Kontakt - FREESTYLE SCOOTERING MAGAZINE","isPartOf":{"@id":"https:\/\/www.scootering.info\/#website"},"datePublished":"2020-11-01T10:25:49+00:00","dateModified":"2024-03-18T13:45:57+00:00","breadcrumb":{"@id":"https:\/\/www.scootering.info\/contact\/#breadcrumb"},"inLanguage":"en-US","potentialAction":[{"@type":"ReadAction","target":["https:\/\/www.scootering.info\/contact\/"]}]},{"@type":"BreadcrumbList","@id":"https:\/\/www.scootering.info\/contact\/#breadcrumb","itemListElement":[{"@type":"ListItem","position":1,"name":"Dom\u016f","item":"https:\/\/www.scootering.info\/"},{"@type":"ListItem","position":2,"name":"Kontakt"}]},{"@type":"WebSite","@id":"https:\/\/www.scootering.info\/#website","url":"https:\/\/www.scootering.info\/","name":"FREESTYLE SCOOTERING MAGAZINE","description":"Sport magazine","publisher":{"@id":"https:\/\/www.scootering.info\/#organization"},"alternateName":"Scootering","potentialAction":[{"@type":"SearchAction","target":{"@type":"EntryPoint","urlTemplate":"https:\/\/www.scootering.info\/?s={search_term_string}"},"query-input":"required name=search_term_string"}],"inLanguage":"en-US"},{"@type":"Organization","@id":"https:\/\/www.scootering.info\/#organization","name":"FREESTYLE SCOOTERING MAGAZINE","url":"https:\/\/www.scootering.info\/","logo":{"@type":"ImageObject","inLanguage":"en-US","@id":"https:\/\/www.scootering.info\/#\/schema\/logo\/image\/","url":"https:\/\/www.scootering.info\/wp-content\/uploads\/2023\/06\/cropped-aaa.png","contentUrl":"https:\/\/www.scootering.info\/wp-content\/uploads\/2023\/06\/cropped-aaa.png","width":300,"height":100,"caption":"FREESTYLE SCOOTERING MAGAZINE"},"image":{"@id":"https:\/\/www.scootering.info\/#\/schema\/logo\/image\/"}}]}},"_links":{"self":[{"href":"https:\/\/www.scootering.info\/en\/wp-json\/wp\/v2\/pages\/133"}],"collection":[{"href":"https:\/\/www.scootering.info\/en\/wp-json\/wp\/v2\/pages"}],"about":[{"href":"https:\/\/www.scootering.info\/en\/wp-json\/wp\/v2\/types\/page"}],"author":[{"embeddable":true,"href":"https:\/\/www.scootering.info\/en\/wp-json\/wp\/v2\/users\/1"}],"replies":[{"embeddable":true,"href":"https:\/\/www.scootering.info\/en\/wp-json\/wp\/v2\/comments?post=133"}],"version-history":[{"count":22,"href":"https:\/\/www.scootering.info\/en\/wp-json\/wp\/v2\/pages\/133\/revisions"}],"predecessor-version":[{"id":2469,"href":"https:\/\/www.scootering.info\/en\/wp-json\/wp\/v2\/pages\/133\/revisions\/2469"}],"wp:attachment":[{"href":"https:\/\/www.scootering.info\/en\/wp-json\/wp\/v2\/media?parent=133"}],"curies":[{"name":"wp","href":"https:\/\/api.w.org\/{rel}","templated":true}]}}